{"id":43,"date":"2017-11-09T15:37:28","date_gmt":"2017-11-09T15:37:28","guid":{"rendered":"https:\/\/awakeyou.org\/?page_id=43"},"modified":"2023-04-26T09:49:43","modified_gmt":"2023-04-26T09:49:43","slug":"meditacije","status":"publish","type":"page","link":"https:\/\/awakeyou.org\/en\/meditacije\/","title":{"rendered":"Meditations"},"content":{"rendered":"<section class=\"wpb-content-wrapper\"><div class=\"vc_row wpb_row vc_row-fluid\"><div class=\"wpb_column vc_column_container vc_col-sm-12 sc_layouts_column_icons_position_left\"><div class=\"vc_column-inner\"><div class=\"wpb_wrapper\"><div class=\"vc_empty_space  height_huge\"   style=\"height: 32px\"><span class=\"vc_empty_space_inner\"><\/span><\/div><div id=\"sc_title_1341672043\"\r\n\t\tclass=\"sc_title color_style_default sc_title_default\"><h3 class=\"sc_item_title sc_title_title sc_align_center sc_item_title_style_default\">Recommended meditations<\/h3><div class=\"sc_item_descr sc_title_descr sc_align_center\"><p>If you need other subtitles, do so by clicking Settings, Subtitles on the video, then autotranslate and find your language among the languages.<\/p>\n<p>A brief overview of the core aspects of meditation, as well as how to optimally engage in this series.<\/p>\n<\/div><\/div><!-- \/.sc_title --><div class=\"vc_empty_space  vc_custom_1517487141732 height_small\"   style=\"height: 32px\"><span class=\"vc_empty_space_inner\"><\/span><\/div>\n\t<div class=\"wpb_video_widget wpb_content_element vc_clearfix   vc_video-aspect-ratio-169 vc_video-el-width-100 vc_video-align-left\" >\n\t\t<div class=\"wpb_wrapper\">\n\t\t\t\n\t\t\t<div class=\"wpb_video_wrapper\"><iframe title=\"Samadhi - Guided Meditation Series - Intro\" width=\"1778\" height=\"1000\" src=\"https:\/\/www.youtube.com\/embed\/zgi7S5E-aCY?feature=oembed\" frameborder=\"0\" allow=\"accelerometer; autoplay; clipboard-write; encrypted-media; gyroscope; picture-in-picture; web-share\" allowfullscreen><\/iframe><\/div>\n\t\t<\/div>\n\t<\/div>\n<div class=\"vc_empty_space  height_huge\"   style=\"height: 32px\"><span class=\"vc_empty_space_inner\"><\/span><\/div><\/div><\/div><\/div><\/div><div data-vc-full-width=\"true\" data-vc-full-width-init=\"false\" class=\"vc_row wpb_row vc_row-fluid vc_custom_1517487169172 vc_row-has-fill\"><div class=\"wpb_column vc_column_container vc_col-sm-12 sc_layouts_column_icons_position_left\"><div class=\"vc_column-inner\"><div class=\"wpb_wrapper\"><div class=\"vc_empty_space  height_huge\"   style=\"height: 32px\"><span class=\"vc_empty_space_inner\"><\/span><\/div><div id=\"sc_title_1965929434\"\r\n\t\tclass=\"sc_title color_style_default sc_title_default\"><h3 class=\"sc_item_title sc_title_title sc_align_center sc_item_title_style_default\">Meditations<\/h3><\/div><!-- \/.sc_title --><div class=\"vc_empty_space  vc_custom_1517488028090 height_small\"   style=\"height: 32px\"><span class=\"vc_empty_space_inner\"><\/span><\/div><div class=\"vc_tta-container\" data-vc-action=\"collapse\"><div class=\"vc_general vc_tta vc_tta-tabs vc_tta-color-grey vc_tta-style-classic vc_tta-shape-rounded vc_tta-o-shape-group vc_tta-o-no-fill vc_tta-tabs-position-top vc_tta-controls-align-center\"><div class=\"vc_tta-tabs-container\"><ul class=\"vc_tta-tabs-list\"><li class=\"vc_tta-tab vc_active\" data-vc-tab><a href=\"#1510587298172-65554df5-2b28\" data-vc-tabs data-vc-container=\".vc_tta\"><span class=\"vc_tta-title-text\">PART 1 \u2013 BREATH AS THE BRIDGE<\/span><\/a><\/li><li class=\"vc_tta-tab\" data-vc-tab><a href=\"#1510587351954-81256efe-ec88\" data-vc-tabs data-vc-container=\".vc_tta\"><span class=\"vc_tta-title-text\">PART 2- THE HINDRANCES<\/span><\/a><\/li><li class=\"vc_tta-tab\" data-vc-tab><a href=\"#1682420685657-c16ce2c9-94f8\" data-vc-tabs data-vc-container=\".vc_tta\"><span class=\"vc_tta-title-text\">PART 3 \u2013 PRANA<\/span><\/a><\/li><li class=\"vc_tta-tab\" data-vc-tab><a href=\"#1682423280973-3bf7dc44-2ad0\" data-vc-tabs data-vc-container=\".vc_tta\"><span class=\"vc_tta-title-text\">PART 4 \u2013 KNOW YOURSELF<\/span><\/a><\/li><\/ul><\/div><div class=\"vc_tta-panels-container\"><div class=\"vc_tta-panels\"><div class=\"vc_tta-panel vc_active\" id=\"1510587298172-65554df5-2b28\" data-vc-content=\".vc_tta-panel-body\"><div class=\"vc_tta-panel-heading\"><h5 class=\"vc_tta-panel-title\"><a href=\"#1510587298172-65554df5-2b28\" data-vc-accordion data-vc-container=\".vc_tta-container\"><span class=\"vc_tta-title-text\">PART 1 \u2013 BREATH AS THE BRIDGE<\/span><\/a><\/h5><\/div><div class=\"vc_tta-panel-body\"><div class=\"vc_empty_space  height_tiny\"   style=\"height: 32px\"><span class=\"vc_empty_space_inner\"><\/span><\/div><div class=\"vc_row wpb_row vc_inner vc_row-fluid\"><div class=\"wpb_column vc_column_container vc_col-sm-6 sc_layouts_column_icons_position_left\"><div class=\"vc_column-inner\"><div class=\"wpb_wrapper\">\n\t<div class=\"wpb_video_widget wpb_content_element vc_clearfix   vc_custom_1682421957137 vc_video-aspect-ratio-169 vc_video-el-width-100 vc_video-align-left\" >\n\t\t<div class=\"wpb_wrapper\">\n\t\t\t\n\t\t\t<div class=\"wpb_video_wrapper\"><iframe title=\"Samadhi - Guided Meditation #1- Breath as the Bridge\" width=\"1778\" height=\"1000\" src=\"https:\/\/www.youtube.com\/embed\/oZGqaDSOYxI?feature=oembed\" frameborder=\"0\" allow=\"accelerometer; autoplay; clipboard-write; encrypted-media; gyroscope; picture-in-picture; web-share\" allowfullscreen><\/iframe><\/div>\n\t\t<\/div>\n\t<\/div>\n<\/div><\/div><\/div><div class=\"wpb_column vc_column_container vc_col-sm-6 sc_layouts_column_icons_position_left\"><div class=\"vc_column-inner\"><div class=\"wpb_wrapper\">\n\t<div class=\"wpb_text_column wpb_content_element  vc_custom_1682421819810\" >\n\t\t<div class=\"wpb_wrapper\">\n\t\t\t<h4>A detailed guidance from the gross to subtle experience of the breath.<\/h4>\n\n\t\t<\/div>\n\t<\/div>\n<\/div><\/div><\/div><\/div><\/div><\/div><div class=\"vc_tta-panel\" id=\"1510587351954-81256efe-ec88\" data-vc-content=\".vc_tta-panel-body\"><div class=\"vc_tta-panel-heading\"><h5 class=\"vc_tta-panel-title\"><a href=\"#1510587351954-81256efe-ec88\" data-vc-accordion data-vc-container=\".vc_tta-container\"><span class=\"vc_tta-title-text\">PART 2- THE HINDRANCES<\/span><\/a><\/h5><\/div><div class=\"vc_tta-panel-body\"><div class=\"vc_row wpb_row vc_inner vc_row-fluid\"><div class=\"wpb_column vc_column_container vc_col-sm-6 sc_layouts_column_icons_position_left\"><div class=\"vc_column-inner\"><div class=\"wpb_wrapper\">\n\t<div class=\"wpb_video_widget wpb_content_element vc_clearfix   vc_video-aspect-ratio-169 vc_video-el-width-100 vc_video-align-left\" >\n\t\t<div class=\"wpb_wrapper\">\n\t\t\t\n\t\t\t<div class=\"wpb_video_wrapper\"><iframe title=\"Samadhi - Guided Meditation #2- The Hindrances\" width=\"1778\" height=\"1000\" src=\"https:\/\/www.youtube.com\/embed\/J7WCK5DK4sw?feature=oembed\" frameborder=\"0\" allow=\"accelerometer; autoplay; clipboard-write; encrypted-media; gyroscope; picture-in-picture; web-share\" allowfullscreen><\/iframe><\/div>\n\t\t<\/div>\n\t<\/div>\n<\/div><\/div><\/div><div class=\"wpb_column vc_column_container vc_col-sm-6 sc_layouts_column_icons_position_left\"><div class=\"vc_column-inner\"><div class=\"wpb_wrapper\">\n\t<div class=\"wpb_text_column wpb_content_element  vc_custom_1682423154566\" >\n\t\t<div class=\"wpb_wrapper\">\n\t\t\t<h4>Working consciously with hindrances such as pain, sleepiness and the overactive mind transforms them from hindrances to opportunities.<\/h4>\n\n\t\t<\/div>\n\t<\/div>\n<\/div><\/div><\/div><\/div><div class=\"vc_row wpb_row vc_inner vc_row-fluid\"><\/div><\/div><\/div><div class=\"vc_tta-panel\" id=\"1682420685657-c16ce2c9-94f8\" data-vc-content=\".vc_tta-panel-body\"><div class=\"vc_tta-panel-heading\"><h5 class=\"vc_tta-panel-title\"><a href=\"#1682420685657-c16ce2c9-94f8\" data-vc-accordion data-vc-container=\".vc_tta-container\"><span class=\"vc_tta-title-text\">PART 3 \u2013 PRANA<\/span><\/a><\/h5><\/div><div class=\"vc_tta-panel-body\"><div class=\"vc_row wpb_row vc_inner vc_row-fluid\"><div class=\"wpb_column vc_column_container vc_col-sm-6 sc_layouts_column_icons_position_left\"><div class=\"vc_column-inner\"><div class=\"wpb_wrapper\">\n\t<div class=\"wpb_video_widget wpb_content_element vc_clearfix   vc_video-aspect-ratio-169 vc_video-el-width-100 vc_video-align-left\" >\n\t\t<div class=\"wpb_wrapper\">\n\t\t\t\n\t\t\t<div class=\"wpb_video_wrapper\"><iframe title=\"Samadhi - Guided Meditation #3 - &quot;Prana&quot;\" width=\"1778\" height=\"1000\" src=\"https:\/\/www.youtube.com\/embed\/ded5S6ETePw?feature=oembed\" frameborder=\"0\" allow=\"accelerometer; autoplay; clipboard-write; encrypted-media; gyroscope; picture-in-picture; web-share\" allowfullscreen><\/iframe><\/div>\n\t\t<\/div>\n\t<\/div>\n<\/div><\/div><\/div><div class=\"wpb_column vc_column_container vc_col-sm-6 sc_layouts_column_icons_position_left\"><div class=\"vc_column-inner\"><div class=\"wpb_wrapper\">\n\t<div class=\"wpb_text_column wpb_content_element  vc_custom_1682423275539\" >\n\t\t<div class=\"wpb_wrapper\">\n\t\t\t<h4>Recognise all that\u2019s changing, the relative, and realize your true nature, the Absolute.<\/h4>\n\n\t\t<\/div>\n\t<\/div>\n<\/div><\/div><\/div><\/div><\/div><\/div><div class=\"vc_tta-panel\" id=\"1682423280973-3bf7dc44-2ad0\" data-vc-content=\".vc_tta-panel-body\"><div class=\"vc_tta-panel-heading\"><h5 class=\"vc_tta-panel-title\"><a href=\"#1682423280973-3bf7dc44-2ad0\" data-vc-accordion data-vc-container=\".vc_tta-container\"><span class=\"vc_tta-title-text\">PART 4 \u2013 KNOW YOURSELF<\/span><\/a><\/h5><\/div><div class=\"vc_tta-panel-body\"><div class=\"vc_row wpb_row vc_inner vc_row-fluid\"><div class=\"wpb_column vc_column_container vc_col-sm-6 sc_layouts_column_icons_position_left\"><div class=\"vc_column-inner\"><div class=\"wpb_wrapper\">\n\t<div class=\"wpb_video_widget wpb_content_element vc_clearfix   vc_video-aspect-ratio-169 vc_video-el-width-100 vc_video-align-left\" >\n\t\t<div class=\"wpb_wrapper\">\n\t\t\t\n\t\t\t<div class=\"wpb_video_wrapper\"><iframe title=\"Samadhi - Guided Meditation #4 - Know Yourself (Nirvikalpa)\" width=\"1778\" height=\"1000\" src=\"https:\/\/www.youtube.com\/embed\/MZBJJrOJOKY?feature=oembed\" frameborder=\"0\" allow=\"accelerometer; autoplay; clipboard-write; encrypted-media; gyroscope; picture-in-picture; web-share\" allowfullscreen><\/iframe><\/div>\n\t\t<\/div>\n\t<\/div>\n<\/div><\/div><\/div><div class=\"wpb_column vc_column_container vc_col-sm-6 sc_layouts_column_icons_position_left\"><div class=\"vc_column-inner\"><div class=\"wpb_wrapper\">\n\t<div class=\"wpb_text_column wpb_content_element  vc_custom_1682423402765\" >\n\t\t<div class=\"wpb_wrapper\">\n\t\t\t<h4>Ozavestite vse, kar se spreminja in spoznajte va\u0161o resni\u010dno naravo.<\/h4>\n\n\t\t<\/div>\n\t<\/div>\n<\/div><\/div><\/div><\/div><\/div><\/div><\/div><\/div><\/div><\/div><div class=\"vc_empty_space  vc_custom_1682421945527 height_huge\"   style=\"height: 52px\"><span class=\"vc_empty_space_inner\"><\/span><\/div><div class=\"vc_empty_space  height_tiny\"   style=\"height: 100px\"><span class=\"vc_empty_space_inner\"><\/span><\/div><\/div><\/div><\/div><\/div><div class=\"vc_row-full-width vc_clearfix\"><\/div>\n<\/section>","protected":false},"excerpt":{"rendered":"Priporo\u010dene meditacijeV primeru, da potrebujete slovenske podnapise, to storite tako, da na videu kliknete Settings (nastavitve), Subtitles (podnapisi), nato autotranslate ter med jeziki poi\u0161\u010dete Slovenian. Kratek pregled, bistvo samih meditacij in navodila kako za\u010deti z&hellip;","protected":false},"author":1,"featured_media":0,"parent":0,"menu_order":0,"comment_status":"closed","ping_status":"closed","template":"","meta":[],"yoast_head":"<!-- This site is optimized with the Yoast SEO plugin v20.7 - https:\/\/yoast.com\/wordpress\/plugins\/seo\/ -->\n<title>Meditacije - AwakeYou<\/title>\n<meta name=\"robots\" content=\"index, follow, max-snippet:-1, max-image-preview:large, max-video-preview:-1\" \/>\n<link rel=\"canonical\" href=\"https:\/\/awakeyou.org\/en\/meditacije\/\" \/>\n<meta property=\"og:locale\" content=\"en_US\" \/>\n<meta property=\"og:type\" content=\"article\" \/>\n<meta property=\"og:title\" content=\"Meditacije - AwakeYou\" \/>\n<meta property=\"og:url\" content=\"https:\/\/awakeyou.org\/en\/meditacije\/\" \/>\n<meta property=\"og:site_name\" content=\"AwakeYou\" \/>\n<meta property=\"article:modified_time\" content=\"2023-04-26T09:49:43+00:00\" \/>\n<meta name=\"twitter:card\" content=\"summary_large_image\" \/>\n<meta name=\"twitter:label1\" content=\"Est. reading time\" \/>\n\t<meta name=\"twitter:data1\" content=\"3 minutes\" \/>\n<script type=\"application\/ld+json\" class=\"yoast-schema-graph\">{\"@context\":\"https:\/\/schema.org\",\"@graph\":[{\"@type\":\"WebPage\",\"@id\":\"https:\/\/awakeyou.org\/meditacije\/\",\"url\":\"https:\/\/awakeyou.org\/meditacije\/\",\"name\":\"Meditacije - AwakeYou\",\"isPartOf\":{\"@id\":\"https:\/\/awakeyou.org\/#website\"},\"datePublished\":\"2017-11-09T15:37:28+00:00\",\"dateModified\":\"2023-04-26T09:49:43+00:00\",\"breadcrumb\":{\"@id\":\"https:\/\/awakeyou.org\/meditacije\/#breadcrumb\"},\"inLanguage\":\"en-US\",\"potentialAction\":[{\"@type\":\"ReadAction\",\"target\":[\"https:\/\/awakeyou.org\/meditacije\/\"]}]},{\"@type\":\"BreadcrumbList\",\"@id\":\"https:\/\/awakeyou.org\/meditacije\/#breadcrumb\",\"itemListElement\":[{\"@type\":\"ListItem\",\"position\":1,\"name\":\"Home\",\"item\":\"https:\/\/awakeyou.org\/\"},{\"@type\":\"ListItem\",\"position\":2,\"name\":\"Meditacije\"}]},{\"@type\":\"WebSite\",\"@id\":\"https:\/\/awakeyou.org\/#website\",\"url\":\"https:\/\/awakeyou.org\/\",\"name\":\"AwakeYou\",\"description\":\"\",\"publisher\":{\"@id\":\"https:\/\/awakeyou.org\/#organization\"},\"potentialAction\":[{\"@type\":\"SearchAction\",\"target\":{\"@type\":\"EntryPoint\",\"urlTemplate\":\"https:\/\/awakeyou.org\/?s={search_term_string}\"},\"query-input\":\"required name=search_term_string\"}],\"inLanguage\":\"en-US\"},{\"@type\":\"Organization\",\"@id\":\"https:\/\/awakeyou.org\/#organization\",\"name\":\"AwakeYou\",\"url\":\"https:\/\/awakeyou.org\/\",\"logo\":{\"@type\":\"ImageObject\",\"inLanguage\":\"en-US\",\"@id\":\"https:\/\/awakeyou.org\/#\/schema\/logo\/image\/\",\"url\":\"https:\/\/awakeyou.org\/wp-content\/uploads\/2021\/12\/cropped-favicon2.png\",\"contentUrl\":\"https:\/\/awakeyou.org\/wp-content\/uploads\/2021\/12\/cropped-favicon2.png\",\"width\":117,\"height\":116,\"caption\":\"AwakeYou\"},\"image\":{\"@id\":\"https:\/\/awakeyou.org\/#\/schema\/logo\/image\/\"}}]}<\/script>\n<!-- \/ Yoast SEO plugin. -->","yoast_head_json":{"title":"Meditacije - AwakeYou","robots":{"index":"index","follow":"follow","max-snippet":"max-snippet:-1","max-image-preview":"max-image-preview:large","max-video-preview":"max-video-preview:-1"},"canonical":"https:\/\/awakeyou.org\/en\/meditacije\/","og_locale":"en_US","og_type":"article","og_title":"Meditacije - AwakeYou","og_url":"https:\/\/awakeyou.org\/en\/meditacije\/","og_site_name":"AwakeYou","article_modified_time":"2023-04-26T09:49:43+00:00","twitter_card":"summary_large_image","twitter_misc":{"Est. reading time":"3 minutes"},"schema":{"@context":"https:\/\/schema.org","@graph":[{"@type":"WebPage","@id":"https:\/\/awakeyou.org\/meditacije\/","url":"https:\/\/awakeyou.org\/meditacije\/","name":"Meditacije - AwakeYou","isPartOf":{"@id":"https:\/\/awakeyou.org\/#website"},"datePublished":"2017-11-09T15:37:28+00:00","dateModified":"2023-04-26T09:49:43+00:00","breadcrumb":{"@id":"https:\/\/awakeyou.org\/meditacije\/#breadcrumb"},"inLanguage":"en-US","potentialAction":[{"@type":"ReadAction","target":["https:\/\/awakeyou.org\/meditacije\/"]}]},{"@type":"BreadcrumbList","@id":"https:\/\/awakeyou.org\/meditacije\/#breadcrumb","itemListElement":[{"@type":"ListItem","position":1,"name":"Home","item":"https:\/\/awakeyou.org\/"},{"@type":"ListItem","position":2,"name":"Meditacije"}]},{"@type":"WebSite","@id":"https:\/\/awakeyou.org\/#website","url":"https:\/\/awakeyou.org\/","name":"AwakeYou","description":"","publisher":{"@id":"https:\/\/awakeyou.org\/#organization"},"potentialAction":[{"@type":"SearchAction","target":{"@type":"EntryPoint","urlTemplate":"https:\/\/awakeyou.org\/?s={search_term_string}"},"query-input":"required name=search_term_string"}],"inLanguage":"en-US"},{"@type":"Organization","@id":"https:\/\/awakeyou.org\/#organization","name":"AwakeYou","url":"https:\/\/awakeyou.org\/","logo":{"@type":"ImageObject","inLanguage":"en-US","@id":"https:\/\/awakeyou.org\/#\/schema\/logo\/image\/","url":"https:\/\/awakeyou.org\/wp-content\/uploads\/2021\/12\/cropped-favicon2.png","contentUrl":"https:\/\/awakeyou.org\/wp-content\/uploads\/2021\/12\/cropped-favicon2.png","width":117,"height":116,"caption":"AwakeYou"},"image":{"@id":"https:\/\/awakeyou.org\/#\/schema\/logo\/image\/"}}]}},"_links":{"self":[{"href":"https:\/\/awakeyou.org\/en\/wp-json\/wp\/v2\/pages\/43"}],"collection":[{"href":"https:\/\/awakeyou.org\/en\/wp-json\/wp\/v2\/pages"}],"about":[{"href":"https:\/\/awakeyou.org\/en\/wp-json\/wp\/v2\/types\/page"}],"author":[{"embeddable":true,"href":"https:\/\/awakeyou.org\/en\/wp-json\/wp\/v2\/users\/1"}],"replies":[{"embeddable":true,"href":"https:\/\/awakeyou.org\/en\/wp-json\/wp\/v2\/comments?post=43"}],"version-history":[{"count":19,"href":"https:\/\/awakeyou.org\/en\/wp-json\/wp\/v2\/pages\/43\/revisions"}],"predecessor-version":[{"id":1576,"href":"https:\/\/awakeyou.org\/en\/wp-json\/wp\/v2\/pages\/43\/revisions\/1576"}],"wp:attachment":[{"href":"https:\/\/awakeyou.org\/en\/wp-json\/wp\/v2\/media?parent=43"}],"curies":[{"name":"wp","href":"https:\/\/api.w.org\/{rel}","templated":true}]}}