{"id":39,"date":"2017-11-09T15:35:40","date_gmt":"2017-11-09T15:35:40","guid":{"rendered":"https:\/\/awakeyou.org\/?page_id=39"},"modified":"2023-05-02T15:20:51","modified_gmt":"2023-05-02T15:20:51","slug":"o-nas","status":"publish","type":"page","link":"https:\/\/awakeyou.org\/en\/o-nas\/","title":{"rendered":"About us"},"content":{"rendered":"<section class=\"wpb-content-wrapper\"><div data-vc-full-width=\"true\" data-vc-full-width-init=\"false\" class=\"vc_row wpb_row vc_row-fluid vc_custom_1517818909229 vc_row-has-fill\"><div class=\"wpb_column vc_column_container vc_col-sm-12 sc_layouts_column_icons_position_left\"><div class=\"vc_column-inner\"><div class=\"wpb_wrapper\"><div id=\"sc_title_1424368529\"\r\n\t\tclass=\"sc_title color_style_default sc_title_default  vc_custom_1682405834889\"><h6 class=\"sc_item_subtitle sc_title_subtitle sc_align_center sc_item_title_style_default\">Urban Turn\u0161ek and his assistant Iva Hari will guide you through the process.<\/h6><h3 class=\"sc_item_title sc_title_title sc_align_center sc_item_title_style_default\">About us<\/h3><\/div><!-- \/.sc_title --><div class=\"vc_empty_space  vc_custom_1517820913187 height_medium\"   style=\"height: 32px\"><span class=\"vc_empty_space_inner\"><\/span><\/div><div class=\"vc_row wpb_row vc_inner vc_row-fluid\"><div class=\"wpb_column vc_column_container vc_col-sm-6 sc_layouts_column_icons_position_left\"><div class=\"vc_column-inner\"><div class=\"wpb_wrapper\">\n\t<div  class=\"wpb_single_image wpb_content_element vc_align_center  vc_custom_1683040637232\">\n\t\t\n\t\t<figure class=\"wpb_wrapper vc_figure\">\n\t\t\t<div class=\"vc_single_image-wrapper   vc_box_border_grey\"><img width=\"2048\" height=\"1536\" src=\"https:\/\/awakeyou.org\/wp-content\/uploads\/2023\/04\/urban.jpeg\" class=\"vc_single_image-img attachment-full\" alt=\"\" decoding=\"async\" loading=\"lazy\" title=\"urban\" srcset=\"https:\/\/awakeyou.org\/wp-content\/uploads\/2023\/04\/urban.jpeg 2048w, https:\/\/awakeyou.org\/wp-content\/uploads\/2023\/04\/urban-1536x1152.jpeg 1536w, https:\/\/awakeyou.org\/wp-content\/uploads\/2023\/04\/urban-370x278.jpeg 370w, https:\/\/awakeyou.org\/wp-content\/uploads\/2023\/04\/urban-770x578.jpeg 770w, https:\/\/awakeyou.org\/wp-content\/uploads\/2023\/04\/urban-1540x1155.jpeg 1540w, https:\/\/awakeyou.org\/wp-content\/uploads\/2023\/04\/urban-740x555.jpeg 740w, https:\/\/awakeyou.org\/wp-content\/uploads\/2023\/04\/urban-600x450.jpeg 600w\" sizes=\"(max-width: 2048px) 100vw, 2048px\" \/><\/div>\n\t\t<\/figure>\n\t<\/div>\n<\/div><\/div><\/div><div class=\"wpb_column vc_column_container vc_col-sm-6 sc_layouts_column_icons_position_left\"><div class=\"vc_column-inner\"><div class=\"wpb_wrapper\"><div class=\"vc_empty_space  hide_on_desktop hide_on_notebook hide_on_tablet height_small\"   style=\"height: 32px\"><span class=\"vc_empty_space_inner\"><\/span><\/div><div id=\"sc_title_1970722997\"\r\n\t\tclass=\"sc_title color_style_default sc_title_default  vc_custom_1683040600797\"><h4 class=\"sc_item_title sc_title_title sc_align_left sc_item_title_style_default sc_item_title_tag\">Urban Turn\u0161ek<\/h4><div class=\"sc_item_descr sc_title_descr sc_align_left\"><p>At the age of 16, he opened his first company and to this day created quite a few companies, some more, some less successful.<br \/>\nThroughout his career, he was active in direct selling companies, where he developed an interest in the personal development.<br \/>\nHe attended various seminars and teachings related to personal growth and spirituality all across the globe and he himself took more than 100,000 people all around the world through his training. All these studies and understanding took place in the mind and regardless of success and progress, they did not lead to the truth that everyone is looking for deep within themselves. This is why he went on a journey within himself in search of who he really is. He wants to share a part of this journey and awareness in seminars. A big thanks for the whole project goes to Dan Schmidt and the Awakentheworld initiative.<\/p>\n<\/div><\/div><!-- \/.sc_title --><\/div><\/div><\/div><\/div><\/div><\/div><\/div><\/div><div class=\"vc_row-full-width vc_clearfix\"><\/div><div data-vc-full-width=\"true\" data-vc-full-width-init=\"false\" class=\"vc_row wpb_row vc_row-fluid vc_custom_1517818909229 vc_row-has-fill\"><div class=\"wpb_column vc_column_container vc_col-sm-12 sc_layouts_column_icons_position_left\"><div class=\"vc_column-inner\"><div class=\"wpb_wrapper\"><div class=\"vc_empty_space  vc_custom_1517820913187 height_medium\"   style=\"height: 32px\"><span class=\"vc_empty_space_inner\"><\/span><\/div><div class=\"vc_row wpb_row vc_inner vc_row-fluid\"><div class=\"wpb_column vc_column_container vc_col-sm-6 sc_layouts_column_icons_position_left\"><div class=\"vc_column-inner\"><div class=\"wpb_wrapper\">\n\t<div  class=\"wpb_single_image wpb_content_element vc_align_center\">\n\t\t\n\t\t<figure class=\"wpb_wrapper vc_figure\">\n\t\t\t<div class=\"vc_single_image-wrapper   vc_box_border_grey\"><img width=\"1440\" height=\"1440\" src=\"https:\/\/awakeyou.org\/wp-content\/uploads\/2023\/04\/ivahari.jpeg\" class=\"vc_single_image-img attachment-full\" alt=\"\" decoding=\"async\" loading=\"lazy\" title=\"ivahari\" srcset=\"https:\/\/awakeyou.org\/wp-content\/uploads\/2023\/04\/ivahari.jpeg 1440w, https:\/\/awakeyou.org\/wp-content\/uploads\/2023\/04\/ivahari-300x300.jpeg 300w, https:\/\/awakeyou.org\/wp-content\/uploads\/2023\/04\/ivahari-1024x1024.jpeg 1024w, https:\/\/awakeyou.org\/wp-content\/uploads\/2023\/04\/ivahari-150x150.jpeg 150w, https:\/\/awakeyou.org\/wp-content\/uploads\/2023\/04\/ivahari-768x768.jpeg 768w, https:\/\/awakeyou.org\/wp-content\/uploads\/2023\/04\/ivahari-370x370.jpeg 370w, https:\/\/awakeyou.org\/wp-content\/uploads\/2023\/04\/ivahari-90x90.jpeg 90w, https:\/\/awakeyou.org\/wp-content\/uploads\/2023\/04\/ivahari-180x180.jpeg 180w, https:\/\/awakeyou.org\/wp-content\/uploads\/2023\/04\/ivahari-770x770.jpeg 770w, https:\/\/awakeyou.org\/wp-content\/uploads\/2023\/04\/ivahari-740x740.jpeg 740w, https:\/\/awakeyou.org\/wp-content\/uploads\/2023\/04\/ivahari-350x350.jpeg 350w, https:\/\/awakeyou.org\/wp-content\/uploads\/2023\/04\/ivahari-600x600.jpeg 600w\" sizes=\"(max-width: 1440px) 100vw, 1440px\" \/><\/div>\n\t\t<\/figure>\n\t<\/div>\n<\/div><\/div><\/div><div class=\"wpb_column vc_column_container vc_col-sm-6 sc_layouts_column_icons_position_left\"><div class=\"vc_column-inner\"><div class=\"wpb_wrapper\"><div class=\"vc_empty_space  hide_on_desktop hide_on_notebook hide_on_tablet height_small\"   style=\"height: 32px\"><span class=\"vc_empty_space_inner\"><\/span><\/div><div id=\"sc_title_2038299412\"\r\n\t\tclass=\"sc_title color_style_default sc_title_default  vc_custom_1682405671247\"><h4 class=\"sc_item_title sc_title_title sc_align_left sc_item_title_style_default sc_item_title_tag\">IVA HARI<\/h4><div class=\"sc_item_descr sc_title_descr sc_align_left\"><p>After completing her studies in pharmacy, she was drawn to nature. With her enthusiasm, drive and ability to organize, she takes care of the entire organizational and logistical aspect of the workshops. She also works on the path of self-exploration and assists in all the workshops that take place in the project. Iva has been organizing workshops for more than 5 years through the DIVJA Society, where the common goal is to connect people as much as possible with nature and with themselves. The most famous project is wild camps and other unique workshops and events throughout Slovenia. In her free time, she enjoys aromatherapy, collecting wild plants and sailing.<\/p>\n<\/div><\/div><!-- \/.sc_title --><\/div><\/div><\/div><\/div><div class=\"vc_row wpb_row vc_inner vc_row-fluid vc_custom_1683040848681\"><div class=\"wpb_column vc_column_container vc_col-sm-6 sc_layouts_column_icons_position_left\"><div class=\"vc_column-inner\"><div class=\"wpb_wrapper\">\n\t<div  class=\"wpb_single_image wpb_content_element vc_align_center  vc_custom_1683040833334\">\n\t\t\n\t\t<figure class=\"wpb_wrapper vc_figure\">\n\t\t\t<div class=\"vc_single_image-wrapper   vc_box_border_grey\"><img width=\"1080\" height=\"1080\" src=\"https:\/\/awakeyou.org\/wp-content\/uploads\/2023\/05\/enost.jpeg\" class=\"vc_single_image-img attachment-full\" alt=\"enost\" decoding=\"async\" loading=\"lazy\" title=\"enost\" srcset=\"https:\/\/awakeyou.org\/wp-content\/uploads\/2023\/05\/enost.jpeg 1080w, https:\/\/awakeyou.org\/wp-content\/uploads\/2023\/05\/enost-300x300.jpeg 300w, https:\/\/awakeyou.org\/wp-content\/uploads\/2023\/05\/enost-1024x1024.jpeg 1024w, https:\/\/awakeyou.org\/wp-content\/uploads\/2023\/05\/enost-150x150.jpeg 150w, https:\/\/awakeyou.org\/wp-content\/uploads\/2023\/05\/enost-768x768.jpeg 768w, https:\/\/awakeyou.org\/wp-content\/uploads\/2023\/05\/enost-370x370.jpeg 370w, https:\/\/awakeyou.org\/wp-content\/uploads\/2023\/05\/enost-90x90.jpeg 90w, https:\/\/awakeyou.org\/wp-content\/uploads\/2023\/05\/enost-180x180.jpeg 180w, https:\/\/awakeyou.org\/wp-content\/uploads\/2023\/05\/enost-770x770.jpeg 770w, https:\/\/awakeyou.org\/wp-content\/uploads\/2023\/05\/enost-740x740.jpeg 740w, https:\/\/awakeyou.org\/wp-content\/uploads\/2023\/05\/enost-350x350.jpeg 350w, https:\/\/awakeyou.org\/wp-content\/uploads\/2023\/05\/enost-600x600.jpeg 600w\" sizes=\"(max-width: 1080px) 100vw, 1080px\" \/><\/div>\n\t\t<\/figure>\n\t<\/div>\n<\/div><\/div><\/div><div class=\"wpb_column vc_column_container vc_col-sm-6 sc_layouts_column_icons_position_left\"><div class=\"vc_column-inner\"><div class=\"wpb_wrapper\"><div class=\"vc_empty_space  hide_on_desktop hide_on_notebook hide_on_tablet height_small\"   style=\"height: 32px\"><span class=\"vc_empty_space_inner\"><\/span><\/div><div id=\"sc_title_158585917\"\r\n\t\tclass=\"sc_title color_style_default sc_title_default  vc_custom_1683040781281\"><h4 class=\"sc_item_title sc_title_title sc_align_left sc_item_title_style_default sc_item_title_tag\">About ENOST(Oneness) community<\/h4><div class=\"sc_item_descr sc_title_descr sc_align_left\"><p>In 2022, the path brought us together at a property in the municipality of \u0160entilj in Slovenia, where we started creating an ecovillage under the name ENOST. The purpose of the community is to live in the connection to nature in the presence of like-minded people whose common desire is the personal growth. Our opinion is that one of the most important things for a community to function harmoniously is connecting with each other and working on ourselves.<\/p>\n<p>So these workshops you are applying for are also our common principles and the way of connection. Deep self-awareness and the oneness we all share is the basis of humanity, it makes us human. In the modern world this has been largely forgotten. In the ENOST community we are wholeheartedly committed to creating a family and unity with all the members of the community, which is only possible by each of us working on ourselves.\nSomeone who is aware, looks at life, nature and the fellow men without separation. Here lies a hidden treasure, the one that our society has long forgotten.<\/p>\n<\/div><\/div><!-- \/.sc_title --><\/div><\/div><\/div><\/div><\/div><\/div><\/div><\/div><div class=\"vc_row-full-width vc_clearfix\"><\/div>\n<\/section>","protected":false},"excerpt":{"rendered":"Skozi proces vas bo vodil Urban Turn\u0161ek z asistentko Ivo Hari.O nas Urban Turn\u0161ekPri 16ih letih je odprl prvo podjetje ter do danes ustvaril kar nekaj podjetij, nekaj bolj, nekaj manj uspe\u0161nih. Skozi svojo pot&hellip;","protected":false},"author":1,"featured_media":0,"parent":0,"menu_order":0,"comment_status":"closed","ping_status":"closed","template":"","meta":[],"yoast_head":"<!-- This site is optimized with the Yoast SEO plugin v20.7 - https:\/\/yoast.com\/wordpress\/plugins\/seo\/ -->\n<title>O nas - AwakeYou<\/title>\n<meta name=\"robots\" content=\"index, follow, max-snippet:-1, max-image-preview:large, max-video-preview:-1\" \/>\n<link rel=\"canonical\" href=\"https:\/\/awakeyou.org\/en\/o-nas\/\" \/>\n<meta property=\"og:locale\" content=\"en_US\" \/>\n<meta property=\"og:type\" content=\"article\" \/>\n<meta property=\"og:title\" content=\"O nas - AwakeYou\" \/>\n<meta property=\"og:url\" content=\"https:\/\/awakeyou.org\/en\/o-nas\/\" \/>\n<meta property=\"og:site_name\" content=\"AwakeYou\" \/>\n<meta property=\"article:modified_time\" content=\"2023-05-02T15:20:51+00:00\" \/>\n<meta name=\"twitter:card\" content=\"summary_large_image\" \/>\n<meta name=\"twitter:label1\" content=\"Est. reading time\" \/>\n\t<meta name=\"twitter:data1\" content=\"4 minutes\" \/>\n<script type=\"application\/ld+json\" class=\"yoast-schema-graph\">{\"@context\":\"https:\/\/schema.org\",\"@graph\":[{\"@type\":\"WebPage\",\"@id\":\"https:\/\/awakeyou.org\/o-nas\/\",\"url\":\"https:\/\/awakeyou.org\/o-nas\/\",\"name\":\"O nas - AwakeYou\",\"isPartOf\":{\"@id\":\"https:\/\/awakeyou.org\/#website\"},\"datePublished\":\"2017-11-09T15:35:40+00:00\",\"dateModified\":\"2023-05-02T15:20:51+00:00\",\"breadcrumb\":{\"@id\":\"https:\/\/awakeyou.org\/o-nas\/#breadcrumb\"},\"inLanguage\":\"en-US\",\"potentialAction\":[{\"@type\":\"ReadAction\",\"target\":[\"https:\/\/awakeyou.org\/o-nas\/\"]}]},{\"@type\":\"BreadcrumbList\",\"@id\":\"https:\/\/awakeyou.org\/o-nas\/#breadcrumb\",\"itemListElement\":[{\"@type\":\"ListItem\",\"position\":1,\"name\":\"Home\",\"item\":\"https:\/\/awakeyou.org\/\"},{\"@type\":\"ListItem\",\"position\":2,\"name\":\"O nas\"}]},{\"@type\":\"WebSite\",\"@id\":\"https:\/\/awakeyou.org\/#website\",\"url\":\"https:\/\/awakeyou.org\/\",\"name\":\"AwakeYou\",\"description\":\"\",\"publisher\":{\"@id\":\"https:\/\/awakeyou.org\/#organization\"},\"potentialAction\":[{\"@type\":\"SearchAction\",\"target\":{\"@type\":\"EntryPoint\",\"urlTemplate\":\"https:\/\/awakeyou.org\/?s={search_term_string}\"},\"query-input\":\"required name=search_term_string\"}],\"inLanguage\":\"en-US\"},{\"@type\":\"Organization\",\"@id\":\"https:\/\/awakeyou.org\/#organization\",\"name\":\"AwakeYou\",\"url\":\"https:\/\/awakeyou.org\/\",\"logo\":{\"@type\":\"ImageObject\",\"inLanguage\":\"en-US\",\"@id\":\"https:\/\/awakeyou.org\/#\/schema\/logo\/image\/\",\"url\":\"https:\/\/awakeyou.org\/wp-content\/uploads\/2021\/12\/cropped-favicon2.png\",\"contentUrl\":\"https:\/\/awakeyou.org\/wp-content\/uploads\/2021\/12\/cropped-favicon2.png\",\"width\":117,\"height\":116,\"caption\":\"AwakeYou\"},\"image\":{\"@id\":\"https:\/\/awakeyou.org\/#\/schema\/logo\/image\/\"}}]}<\/script>\n<!-- \/ Yoast SEO plugin. -->","yoast_head_json":{"title":"O nas - AwakeYou","robots":{"index":"index","follow":"follow","max-snippet":"max-snippet:-1","max-image-preview":"max-image-preview:large","max-video-preview":"max-video-preview:-1"},"canonical":"https:\/\/awakeyou.org\/en\/o-nas\/","og_locale":"en_US","og_type":"article","og_title":"O nas - AwakeYou","og_url":"https:\/\/awakeyou.org\/en\/o-nas\/","og_site_name":"AwakeYou","article_modified_time":"2023-05-02T15:20:51+00:00","twitter_card":"summary_large_image","twitter_misc":{"Est. reading time":"4 minutes"},"schema":{"@context":"https:\/\/schema.org","@graph":[{"@type":"WebPage","@id":"https:\/\/awakeyou.org\/o-nas\/","url":"https:\/\/awakeyou.org\/o-nas\/","name":"O nas - AwakeYou","isPartOf":{"@id":"https:\/\/awakeyou.org\/#website"},"datePublished":"2017-11-09T15:35:40+00:00","dateModified":"2023-05-02T15:20:51+00:00","breadcrumb":{"@id":"https:\/\/awakeyou.org\/o-nas\/#breadcrumb"},"inLanguage":"en-US","potentialAction":[{"@type":"ReadAction","target":["https:\/\/awakeyou.org\/o-nas\/"]}]},{"@type":"BreadcrumbList","@id":"https:\/\/awakeyou.org\/o-nas\/#breadcrumb","itemListElement":[{"@type":"ListItem","position":1,"name":"Home","item":"https:\/\/awakeyou.org\/"},{"@type":"ListItem","position":2,"name":"O nas"}]},{"@type":"WebSite","@id":"https:\/\/awakeyou.org\/#website","url":"https:\/\/awakeyou.org\/","name":"AwakeYou","description":"","publisher":{"@id":"https:\/\/awakeyou.org\/#organization"},"potentialAction":[{"@type":"SearchAction","target":{"@type":"EntryPoint","urlTemplate":"https:\/\/awakeyou.org\/?s={search_term_string}"},"query-input":"required name=search_term_string"}],"inLanguage":"en-US"},{"@type":"Organization","@id":"https:\/\/awakeyou.org\/#organization","name":"AwakeYou","url":"https:\/\/awakeyou.org\/","logo":{"@type":"ImageObject","inLanguage":"en-US","@id":"https:\/\/awakeyou.org\/#\/schema\/logo\/image\/","url":"https:\/\/awakeyou.org\/wp-content\/uploads\/2021\/12\/cropped-favicon2.png","contentUrl":"https:\/\/awakeyou.org\/wp-content\/uploads\/2021\/12\/cropped-favicon2.png","width":117,"height":116,"caption":"AwakeYou"},"image":{"@id":"https:\/\/awakeyou.org\/#\/schema\/logo\/image\/"}}]}},"_links":{"self":[{"href":"https:\/\/awakeyou.org\/en\/wp-json\/wp\/v2\/pages\/39"}],"collection":[{"href":"https:\/\/awakeyou.org\/en\/wp-json\/wp\/v2\/pages"}],"about":[{"href":"https:\/\/awakeyou.org\/en\/wp-json\/wp\/v2\/types\/page"}],"author":[{"embeddable":true,"href":"https:\/\/awakeyou.org\/en\/wp-json\/wp\/v2\/users\/1"}],"replies":[{"embeddable":true,"href":"https:\/\/awakeyou.org\/en\/wp-json\/wp\/v2\/comments?post=39"}],"version-history":[{"count":18,"href":"https:\/\/awakeyou.org\/en\/wp-json\/wp\/v2\/pages\/39\/revisions"}],"predecessor-version":[{"id":1735,"href":"https:\/\/awakeyou.org\/en\/wp-json\/wp\/v2\/pages\/39\/revisions\/1735"}],"wp:attachment":[{"href":"https:\/\/awakeyou.org\/en\/wp-json\/wp\/v2\/media?parent=39"}],"curies":[{"name":"wp","href":"https:\/\/api.w.org\/{rel}","templated":true}]}}