{"id":38,"date":"2017-11-09T15:35:25","date_gmt":"2017-11-09T15:35:25","guid":{"rendered":"https:\/\/awakeyou.org\/?page_id=38"},"modified":"2026-02-09T15:39:41","modified_gmt":"2026-02-09T15:39:41","slug":"delavnice","status":"publish","type":"page","link":"https:\/\/awakeyou.org\/en\/delavnice\/","title":{"rendered":"Workshops"},"content":{"rendered":"<section class=\"wpb-content-wrapper\"><div data-vc-full-width=\"true\" data-vc-full-width-init=\"false\" class=\"vc_row wpb_row vc_row-fluid vc_custom_1683547876745 vc_row-has-fill sc_bg_mask_bg_color hide_bg_image_on_tablet hide_bg_image_on_mobile\"><div class=\"wpb_column vc_column_container vc_col-sm-12 sc_layouts_column_icons_position_left\"><div class=\"vc_column-inner\"><div class=\"wpb_wrapper\"><div class=\"vc_empty_space  height_huge\"   style=\"height: 32px\"><span class=\"vc_empty_space_inner\"><\/span><\/div><div id=\"sc_title_615763757\"\r\n\t\tclass=\"sc_title color_style_default sc_title_default\"><h3 class=\"sc_item_title sc_title_title sc_align_center sc_item_title_style_default\">Workshops<\/h3><\/div><!-- \/.sc_title --><div class=\"vc_empty_space\"   style=\"height: 1.5rem\"><span class=\"vc_empty_space_inner\"><\/span><\/div><\/div><\/div><\/div><div class=\"wpb_column vc_column_container vc_col-sm-4 sc_layouts_column_icons_position_left\"><div class=\"vc_column-inner\"><div class=\"wpb_wrapper\">\n\t<div  class=\"wpb_single_image wpb_content_element vc_align_center\">\n\t\t\n\t\t<figure class=\"wpb_wrapper vc_figure\">\n\t\t\t<div class=\"vc_single_image-wrapper   vc_box_border_grey\"><img width=\"1707\" height=\"2560\" src=\"https:\/\/awakeyou.org\/wp-content\/uploads\/2023\/04\/x10-scaled.jpg\" class=\"vc_single_image-img attachment-full\" alt=\"Meditacija\" decoding=\"async\" loading=\"lazy\" title=\"Meditacija\" srcset=\"https:\/\/awakeyou.org\/wp-content\/uploads\/2023\/04\/x10-scaled.jpg 1707w, https:\/\/awakeyou.org\/wp-content\/uploads\/2023\/04\/x10-1024x1536.jpg 1024w, https:\/\/awakeyou.org\/wp-content\/uploads\/2023\/04\/x10-1365x2048.jpg 1365w, https:\/\/awakeyou.org\/wp-content\/uploads\/2023\/04\/x10-370x555.jpg 370w, https:\/\/awakeyou.org\/wp-content\/uploads\/2023\/04\/x10-770x1155.jpg 770w, https:\/\/awakeyou.org\/wp-content\/uploads\/2023\/04\/x10-1540x2310.jpg 1540w, https:\/\/awakeyou.org\/wp-content\/uploads\/2023\/04\/x10-740x1110.jpg 740w, https:\/\/awakeyou.org\/wp-content\/uploads\/2023\/04\/x10-600x900.jpg 600w\" sizes=\"(max-width: 1707px) 100vw, 1707px\" \/><\/div>\n\t\t<\/figure>\n\t<\/div>\n<\/div><\/div><\/div><div class=\"wpb_column vc_column_container vc_col-sm-8 sc_layouts_column_icons_position_left\"><div class=\"vc_column-inner\"><div class=\"wpb_wrapper\"><div class=\"vc_row wpb_row vc_inner vc_row-fluid 123\"><div class=\"wpb_column vc_column_container vc_col-sm-6 sc_layouts_column_icons_position_left\"><div class=\"vc_column-inner\"><div class=\"wpb_wrapper\"><div class=\"vc_empty_space  vc_custom_1517837518038 height_tiny\"   style=\"height: 32px\"><span class=\"vc_empty_space_inner\"><\/span><\/div>\n\t<div class=\"wpb_text_column wpb_content_element\" >\n\t\t<div class=\"wpb_wrapper\">\n\t\t\t<p>The WHO AM I workshop is based on methods that are several thousand years old and adapted to the modern flow of life.The self-questioning methods of Ramana Maharshi and\nCharles Berner have also been added.<\/p>\n<p>The whole process takes place in dyads, working in pairs, where one person is a silent observer and the other person works on deep self- exploration, with the aim of realizing who they really are. The workshop takes place from early morning to late evening.<\/p>\n\n\t\t<\/div>\n\t<\/div>\n<\/div><\/div><\/div><div class=\"wpb_column vc_column_container vc_col-sm-6 sc_layouts_column_icons_position_left\"><div class=\"vc_column-inner\"><div class=\"wpb_wrapper\"><div class=\"vc_empty_space  vc_custom_1517837522431 height_tiny\"   style=\"height: 32px\"><span class=\"vc_empty_space_inner\"><\/span><\/div>\n\t<div class=\"wpb_text_column wpb_content_element\" >\n\t\t<div class=\"wpb_wrapper\">\n\t\t\t<p>The focus is on eliminating the conditioned patterns of the subconscious (samskaras). The goal is for these to emerge to the surface and purify themselves. Various tools and techniques are used that will help to lead the participants to their true nature. Through this process, individual and group dyads, sitting and walking contemplations, movement and sound meditations, self-questioning, breathing exercises and lectures that help us come to awareness, take place.<\/p>\n\n\t\t<\/div>\n\t<\/div>\n<\/div><\/div><\/div><\/div><\/div><\/div><\/div><div class=\"wpb_column vc_column_container vc_col-sm-12 sc_layouts_column_icons_position_left\"><div class=\"vc_column-inner\"><div class=\"wpb_wrapper\">\n\t<div class=\"wpb_text_column wpb_content_element  vc_custom_1682676103772\" >\n\t\t<div class=\"wpb_wrapper\">\n\t\t\t<h5 style=\"text-align: center;\"><em><strong>We offer a 100% satisfaction guarantee for our workshop. If the participant is not satisfied\nwith our performance, we will refund 100% of the registration fee. The only condition for this\nis that the participant follows and respects the instructions, performs the exercises and\nparticipates in all the practices that are planned during the course of 3 days.<\/strong><\/em><\/h5>\n\n\t\t<\/div>\n\t<\/div>\n<div class=\"vc_empty_space  vc_custom_1517837958380 height_huge\"   style=\"height: 32px\"><span class=\"vc_empty_space_inner\"><\/span><\/div><div id=\"sc_title_567629607\"\r\n\t\tclass=\"sc_title color_style_default sc_title_default\"><h3 class=\"sc_item_title sc_title_title sc_align_left sc_item_title_style_default\">Planned workshops<\/h3><\/div><!-- \/.sc_title --><div class=\"vc_row wpb_row vc_inner vc_row-fluid\"><div class=\"wpb_column vc_column_container vc_col-sm-8 sc_layouts_column_icons_position_left\"><div class=\"vc_column-inner\"><div class=\"wpb_wrapper\">\n\t<div class=\"wpb_text_column wpb_content_element  vc_custom_1770651572653\" >\n\t\t<div class=\"wpb_wrapper\">\n\t\t\t<p><strong>WHO I AM WORKSHOP 3 days<\/strong> &#8211; poletje 2026 (to\u010den termin javimo na socialnih omre\u017ejih), etnolo\u0161ka holisti\u010dna vas Apa\u010de \u2013 Za\u010detek v petek ob \u00a016:30 (prihod med 15:00-16:00), konec v nedeljo ob 18:00. Prijavi\u0161 se z klikom na gumb &#8220;Prijava&#8221; desno zgoraj.<\/p>\n<div>PRICE OF WORKSHOP<\/div>\n<div>Price of Workshop is \u20ac333 per person, if you come as a couple or with friend, price for the second person is \u20ac283.<\/div>\n<div>Payment can be done in more instalments.<\/div>\n<div><\/div>\n<div>PRICE FOR THE ONNES THAT ALREADY TAKEN PART BEFORE AND WOULD LIKE TO DEEPEN THEIR EXPERIENCE IS \u20ac222.<\/div>\n<p>&nbsp;<\/p>\n<p><strong>WHO I AM INTEGRATION 5 days<\/strong>i (\u0161e ni predvidenega termina) \u2013 za\u010detek v sredo ob 16.30 (prihod ob 15.00-16.00), zaklju\u010dek v nedeljo ob 18.00. Delavnica je podobna trodnevni, z razliko 4. in 5. dne, kjer so na programu \u0161e dodatne dihalne vaje za spro\u0161\u010danje samskar, kundalini meditacije, ples sufijev in vaje zavedanja s telesom, ki poglobijo samadhi izku\u0161njo in dodatno pre\u010distijo ujete energije. Trodnevna delavnica vsebuje eno vpra\u0161anje za kontemplacijo, petdnevna delavnica pa vsebuje \u0161tiri razli\u010dna vpra\u0161anja za kontemplacijo. Kdo sem? Kaj sem? Kaj je \u017eivljenje? Kaj je nekdo drug?<\/p>\n\n\t\t<\/div>\n\t<\/div>\n<\/div><\/div><\/div><div class=\"wpb_column vc_column_container vc_col-sm-4 sc_layouts_column_icons_position_left\"><div class=\"vc_column-inner\"><div class=\"wpb_wrapper\">\n\t<div  class=\"wpb_single_image wpb_content_element vc_align_center\">\n\t\t\n\t\t<figure class=\"wpb_wrapper vc_figure\">\n\t\t\t<div class=\"vc_single_image-wrapper   vc_box_border_grey\"><img width=\"1022\" height=\"1530\" src=\"https:\/\/awakeyou.org\/wp-content\/uploads\/2017\/11\/3.png\" class=\"vc_single_image-img attachment-full\" alt=\"Buddha\" decoding=\"async\" loading=\"lazy\" title=\"Buddha\" srcset=\"https:\/\/awakeyou.org\/wp-content\/uploads\/2017\/11\/3.png 1022w, https:\/\/awakeyou.org\/wp-content\/uploads\/2017\/11\/3-370x554.png 370w, https:\/\/awakeyou.org\/wp-content\/uploads\/2017\/11\/3-770x1153.png 770w, https:\/\/awakeyou.org\/wp-content\/uploads\/2017\/11\/3-740x1108.png 740w, https:\/\/awakeyou.org\/wp-content\/uploads\/2017\/11\/3-600x898.png 600w\" sizes=\"(max-width: 1022px) 100vw, 1022px\" \/><\/div>\n\t\t<\/figure>\n\t<\/div>\n<\/div><\/div><\/div><\/div><div class=\"vc_row wpb_row vc_inner vc_row-fluid\"><div class=\"wpb_column vc_column_container vc_col-sm-12 sc_layouts_column_icons_position_left\"><div class=\"vc_column-inner\"><div class=\"wpb_wrapper\">\n\t<div class=\"wpb_text_column wpb_content_element  vc_custom_1726748674635\" >\n\t\t<div class=\"wpb_wrapper\">\n\t\t\t<h5 style=\"text-align: center;\"><em><strong>Naslednja 3-dnevna delavnica bo od 18. &#8211; 20. oktobra 2024 v Etnolo\u0161ki holisti\u010dni vasi v Apa\u010dah. Na njo se prijavite s klikom na oran\u017een gumb &#8220;Prijava&#8221; desno zgoraj.<\/strong><\/em><\/h5>\n<h5 style=\"text-align: center;\"><em><strong>Po pregledu va\u0161e prijavnice vas bomo kontaktirali in\u00a0 z vami opravili tudi <\/strong><\/em><em><strong>phone\/zoom interview. Your application will be finally confirmed after payment of the invoice, which <\/strong><\/em><em><strong>receive to your email. In the event that applications are filled before you settle the bill, Fr <\/strong><\/em><em><strong>we inform you. The maximum number of participants is 14.<\/strong><\/em><\/h5>\n\n\t\t<\/div>\n\t<\/div>\n<\/div><\/div><\/div><\/div><\/div><\/div><\/div><\/div><div class=\"vc_row-full-width vc_clearfix\"><\/div><div data-vc-full-width=\"true\" data-vc-full-width-init=\"false\" class=\"vc_row wpb_row vc_row-fluid vc_custom_1682511774016 vc_row-has-fill\"><div class=\"wpb_column vc_column_container vc_col-sm-6 sc_layouts_column_icons_position_left\"><div class=\"vc_column-inner\"><div class=\"wpb_wrapper\"><div class=\"vc_empty_space  vc_custom_1517838103337 height_huge\"   style=\"height: 32px\"><span class=\"vc_empty_space_inner\"><\/span><\/div><div id=\"white-text\"\r\n\t\tclass=\"sc_title color_style_default sc_title_default white-text\"><h3 class=\"sc_item_title sc_title_title sc_align_left sc_item_title_style_default\">SUBTITLE What else do you need to know?<\/h3><div class=\"sc_item_descr sc_title_descr sc_align_left\"><ul class=\"trx_addons_list_dot\">\n<li>the food at the workshop is vegetarian and vegan<\/li>\n<li>no coffee or any other energy stimulants (tobacco) are taken during the workshop\n       <\/li>\n<li>the workshop takes place in a relaxed environment, where everyone has the opportunity to go deeper into themselves<\/li>\n<li>the workshops are held in Slovenian as well as in English language (the language is marked for the available dates)<\/li>\n<li>the process takes place in silence, a conversation outside the dyads is not allowed, the goal is for each individual to devote 100% exclusively to himself<br \/>\nposameznik 100% posveti izklju\u010dno sebi<\/li>\n<li>men and women sleep separately.<\/li>\n<\/ul>\n<\/div><\/div><!-- \/.sc_title --><div class=\"vc_empty_space  vc_custom_1517838123818 height_huge\"   style=\"height: 32px\"><span class=\"vc_empty_space_inner\"><\/span><\/div><\/div><\/div><\/div><div class=\"wpb_column vc_column_container vc_col-sm-6 sc_layouts_column_icons_position_left\"><div class=\"vc_column-inner\"><div class=\"wpb_wrapper\"><\/div><\/div><\/div><\/div><div class=\"vc_row-full-width vc_clearfix\"><\/div><div class=\"vc_row wpb_row vc_row-fluid\"><div class=\"wpb_column vc_column_container vc_col-sm-12 sc_layouts_column_icons_position_left\"><div class=\"vc_column-inner\"><div class=\"wpb_wrapper\"><div class=\"vc_empty_space  height_huge\"   style=\"height: 32px\"><span class=\"vc_empty_space_inner\"><\/span><\/div><div id=\"sc_title_2104687920\"\r\n\t\tclass=\"sc_title color_style_default sc_title_default\"><h3 class=\"sc_item_title sc_title_title sc_align_center sc_item_title_style_default\">ORGANIZATION AND PRICE OF THE WORKSHOP<\/h3><\/div><!-- \/.sc_title --><div class=\"vc_empty_space  height_huge\"   style=\"height: 32px\"><span class=\"vc_empty_space_inner\"><\/span><\/div><div class=\"vc_row wpb_row vc_inner vc_row-fluid\"><div class=\"wpb_column vc_column_container vc_col-sm-12 sc_layouts_column_icons_position_left\"><div class=\"vc_column-inner\"><div class=\"wpb_wrapper\">\n\t<div class=\"wpb_text_column wpb_content_element  vc_custom_1726748812514\" >\n\t\t<div class=\"wpb_wrapper\">\n\t\t\t<p style=\"text-align: center;\">Organizacija delavnice poteka pod okriljem zadruge ENOST v sodelovanju z dru\u0161tvom DIVJA.\u00a0 Z vami bova Iva in Urban \u2192 <a href=\"https:\/\/awakeyou.org\/en\/o-nas\/\">Click here<\/a><\/p>\n<p style=\"text-align: center;\">Priporo\u010dena cena delavnice je 333 evrov po osebi. V ceno je v\u0161teta vsa hrana, pija\u010da, prigrizki in spanje v 2- in 3-posteljnih sobah. Delavnica se za\u010dne v petek ob 16.30 in kon\u010da v nedeljo ob 18.00. \u010ce nekdo globoko v sebi sli\u0161i klic in se \u017eeli udele\u017eiti delavnice ter nima finan\u010dnih zmo\u017enosti, naj nas kontaktira. V primeru, da nekdo za\u010duti, da bi doniral \u0161e za koga, ki si tega ne more privo\u0161\u010diti ali mu je delavnica dala ve\u010d, kot si je predstavljal, je odprt na\u0161 TRR za donacije. Maksimalno \u0161tevilo udele\u017eencev je 14. Prijava je mo\u017ena do zapolnitve mest.<\/p>\n<p style=\"text-align: center;\">A week before the workshop more detailed instructions will be sent per email.<\/p>\n<p style=\"text-align: center;\">If you are interested and want to know more about the seminar or get to know our community, contact us at<br \/>\necoenost@gmail.com ali info@divja.net<\/p>\n<p style=\"text-align: center;\">Dates of events are in the beginning of spring and beginning of fall. For more information contact us.<br \/>\nApplications at the link below:<a href=\"https:\/\/forms.gle\/WpcVmXzUXrPmdUnm7\"> Click here<\/a><\/p>\n\n\t\t<\/div>\n\t<\/div>\n<\/div><\/div><\/div><\/div><\/div><\/div><\/div><\/div>\n<\/section>","protected":false},"excerpt":{"rendered":"Delavnice Delavnica KDO SEM bazira na metodah starih nekaj tiso\u010d let in je prilagojena modernemu toku \u017eivljenja. Dodane so \u0161e metode samospra\u0161evanja Ramane Maharshija ter Charlesa Bernerja. Celotni proces poteka v diadah, delo po parih,&hellip;","protected":false},"author":1,"featured_media":0,"parent":0,"menu_order":0,"comment_status":"closed","ping_status":"closed","template":"","meta":[],"yoast_head":"<!-- This site is optimized with the Yoast SEO plugin v20.7 - https:\/\/yoast.com\/wordpress\/plugins\/seo\/ -->\n<title>Delavnice - AwakeYou<\/title>\n<meta name=\"robots\" content=\"index, follow, max-snippet:-1, max-image-preview:large, max-video-preview:-1\" \/>\n<link rel=\"canonical\" href=\"https:\/\/awakeyou.org\/en\/delavnice\/\" \/>\n<meta property=\"og:locale\" content=\"en_US\" \/>\n<meta property=\"og:type\" content=\"article\" \/>\n<meta property=\"og:title\" content=\"Delavnice - AwakeYou\" \/>\n<meta property=\"og:url\" content=\"https:\/\/awakeyou.org\/en\/delavnice\/\" \/>\n<meta property=\"og:site_name\" content=\"AwakeYou\" \/>\n<meta property=\"article:modified_time\" content=\"2026-02-09T15:39:41+00:00\" \/>\n<meta name=\"twitter:card\" content=\"summary_large_image\" \/>\n<meta name=\"twitter:label1\" content=\"Est. reading time\" \/>\n\t<meta name=\"twitter:data1\" content=\"4 minutes\" \/>\n<script type=\"application\/ld+json\" class=\"yoast-schema-graph\">{\"@context\":\"https:\/\/schema.org\",\"@graph\":[{\"@type\":\"WebPage\",\"@id\":\"https:\/\/awakeyou.org\/delavnice\/\",\"url\":\"https:\/\/awakeyou.org\/delavnice\/\",\"name\":\"Delavnice - AwakeYou\",\"isPartOf\":{\"@id\":\"https:\/\/awakeyou.org\/#website\"},\"datePublished\":\"2017-11-09T15:35:25+00:00\",\"dateModified\":\"2026-02-09T15:39:41+00:00\",\"breadcrumb\":{\"@id\":\"https:\/\/awakeyou.org\/delavnice\/#breadcrumb\"},\"inLanguage\":\"en-US\",\"potentialAction\":[{\"@type\":\"ReadAction\",\"target\":[\"https:\/\/awakeyou.org\/delavnice\/\"]}]},{\"@type\":\"BreadcrumbList\",\"@id\":\"https:\/\/awakeyou.org\/delavnice\/#breadcrumb\",\"itemListElement\":[{\"@type\":\"ListItem\",\"position\":1,\"name\":\"Home\",\"item\":\"https:\/\/awakeyou.org\/\"},{\"@type\":\"ListItem\",\"position\":2,\"name\":\"Delavnice\"}]},{\"@type\":\"WebSite\",\"@id\":\"https:\/\/awakeyou.org\/#website\",\"url\":\"https:\/\/awakeyou.org\/\",\"name\":\"AwakeYou\",\"description\":\"\",\"publisher\":{\"@id\":\"https:\/\/awakeyou.org\/#organization\"},\"potentialAction\":[{\"@type\":\"SearchAction\",\"target\":{\"@type\":\"EntryPoint\",\"urlTemplate\":\"https:\/\/awakeyou.org\/?s={search_term_string}\"},\"query-input\":\"required name=search_term_string\"}],\"inLanguage\":\"en-US\"},{\"@type\":\"Organization\",\"@id\":\"https:\/\/awakeyou.org\/#organization\",\"name\":\"AwakeYou\",\"url\":\"https:\/\/awakeyou.org\/\",\"logo\":{\"@type\":\"ImageObject\",\"inLanguage\":\"en-US\",\"@id\":\"https:\/\/awakeyou.org\/#\/schema\/logo\/image\/\",\"url\":\"https:\/\/awakeyou.org\/wp-content\/uploads\/2021\/12\/cropped-favicon2.png\",\"contentUrl\":\"https:\/\/awakeyou.org\/wp-content\/uploads\/2021\/12\/cropped-favicon2.png\",\"width\":117,\"height\":116,\"caption\":\"AwakeYou\"},\"image\":{\"@id\":\"https:\/\/awakeyou.org\/#\/schema\/logo\/image\/\"}}]}<\/script>\n<!-- \/ Yoast SEO plugin. -->","yoast_head_json":{"title":"Delavnice - AwakeYou","robots":{"index":"index","follow":"follow","max-snippet":"max-snippet:-1","max-image-preview":"max-image-preview:large","max-video-preview":"max-video-preview:-1"},"canonical":"https:\/\/awakeyou.org\/en\/delavnice\/","og_locale":"en_US","og_type":"article","og_title":"Delavnice - AwakeYou","og_url":"https:\/\/awakeyou.org\/en\/delavnice\/","og_site_name":"AwakeYou","article_modified_time":"2026-02-09T15:39:41+00:00","twitter_card":"summary_large_image","twitter_misc":{"Est. reading time":"4 minutes"},"schema":{"@context":"https:\/\/schema.org","@graph":[{"@type":"WebPage","@id":"https:\/\/awakeyou.org\/delavnice\/","url":"https:\/\/awakeyou.org\/delavnice\/","name":"Delavnice - AwakeYou","isPartOf":{"@id":"https:\/\/awakeyou.org\/#website"},"datePublished":"2017-11-09T15:35:25+00:00","dateModified":"2026-02-09T15:39:41+00:00","breadcrumb":{"@id":"https:\/\/awakeyou.org\/delavnice\/#breadcrumb"},"inLanguage":"en-US","potentialAction":[{"@type":"ReadAction","target":["https:\/\/awakeyou.org\/delavnice\/"]}]},{"@type":"BreadcrumbList","@id":"https:\/\/awakeyou.org\/delavnice\/#breadcrumb","itemListElement":[{"@type":"ListItem","position":1,"name":"Home","item":"https:\/\/awakeyou.org\/"},{"@type":"ListItem","position":2,"name":"Delavnice"}]},{"@type":"WebSite","@id":"https:\/\/awakeyou.org\/#website","url":"https:\/\/awakeyou.org\/","name":"AwakeYou","description":"","publisher":{"@id":"https:\/\/awakeyou.org\/#organization"},"potentialAction":[{"@type":"SearchAction","target":{"@type":"EntryPoint","urlTemplate":"https:\/\/awakeyou.org\/?s={search_term_string}"},"query-input":"required name=search_term_string"}],"inLanguage":"en-US"},{"@type":"Organization","@id":"https:\/\/awakeyou.org\/#organization","name":"AwakeYou","url":"https:\/\/awakeyou.org\/","logo":{"@type":"ImageObject","inLanguage":"en-US","@id":"https:\/\/awakeyou.org\/#\/schema\/logo\/image\/","url":"https:\/\/awakeyou.org\/wp-content\/uploads\/2021\/12\/cropped-favicon2.png","contentUrl":"https:\/\/awakeyou.org\/wp-content\/uploads\/2021\/12\/cropped-favicon2.png","width":117,"height":116,"caption":"AwakeYou"},"image":{"@id":"https:\/\/awakeyou.org\/#\/schema\/logo\/image\/"}}]}},"_links":{"self":[{"href":"https:\/\/awakeyou.org\/en\/wp-json\/wp\/v2\/pages\/38"}],"collection":[{"href":"https:\/\/awakeyou.org\/en\/wp-json\/wp\/v2\/pages"}],"about":[{"href":"https:\/\/awakeyou.org\/en\/wp-json\/wp\/v2\/types\/page"}],"author":[{"embeddable":true,"href":"https:\/\/awakeyou.org\/en\/wp-json\/wp\/v2\/users\/1"}],"replies":[{"embeddable":true,"href":"https:\/\/awakeyou.org\/en\/wp-json\/wp\/v2\/comments?post=38"}],"version-history":[{"count":34,"href":"https:\/\/awakeyou.org\/en\/wp-json\/wp\/v2\/pages\/38\/revisions"}],"predecessor-version":[{"id":1909,"href":"https:\/\/awakeyou.org\/en\/wp-json\/wp\/v2\/pages\/38\/revisions\/1909"}],"wp:attachment":[{"href":"https:\/\/awakeyou.org\/en\/wp-json\/wp\/v2\/media?parent=38"}],"curies":[{"name":"wp","href":"https:\/\/api.w.org\/{rel}","templated":true}]}}